{"id":1049,"date":"2019-06-03T17:45:56","date_gmt":"2019-06-03T15:45:56","guid":{"rendered":"http:\/\/feuerwehr-grosshansdorf.de\/wordpress\/?page_id=1049"},"modified":"2019-06-09T15:31:31","modified_gmt":"2019-06-09T13:31:31","slug":"orchester-historie-1926-1989","status":"publish","type":"page","link":"https:\/\/feuerwehr-grosshansdorf.de\/wordpress\/orchester-historie\/orchester-historie-1926-1989\/","title":{"rendered":"Orchester-Historie 1926-1989"},"content":{"rendered":"\n<figure class=\"wp-block-image\"><img loading=\"lazy\" decoding=\"async\" width=\"1024\" height=\"366\" src=\"http:\/\/feuerwehr-grosshansdorf.de\/wordpress\/wp-content\/uploads\/2019\/05\/alt-1024x366.jpg\" alt=\"\" class=\"wp-image-995\" srcset=\"https:\/\/feuerwehr-grosshansdorf.de\/wordpress\/wp-content\/uploads\/2019\/05\/alt-1024x366.jpg 1024w, https:\/\/feuerwehr-grosshansdorf.de\/wordpress\/wp-content\/uploads\/2019\/05\/alt-300x107.jpg 300w, https:\/\/feuerwehr-grosshansdorf.de\/wordpress\/wp-content\/uploads\/2019\/05\/alt-768x275.jpg 768w, https:\/\/feuerwehr-grosshansdorf.de\/wordpress\/wp-content\/uploads\/2019\/05\/alt.jpg 1853w\" sizes=\"auto, (max-width: 1024px) 100vw, 1024px\" \/><\/figure>\n\n\n\n<p><strong>1926<\/strong> : Sieben Feuerwehrm\u00e4nner gr\u00fcndeten den Musikzug und  August Filter wurde ihr erster Dirigent, der <strong>1937<\/strong> von Hinrich Singelmann abgel\u00f6st wurde.<\/p>\n\n\n\n<p>Durch Unterst\u00fctzung der LVA Hamburg, die den Gro\u00dfhansdorfer Musikern 14 Instrumente kostenlos zur Verf\u00fcgung stellte, konnte der Musikbetrieb <strong>1947<\/strong> wieder aufleben. Karl Kreutzer baute das Musikkorps wieder auf und bleibt dessen Leiter bis <strong>1956<\/strong>.<\/p>\n\n\n\n<p><strong>1957<\/strong> erfolgte der Zusammenschluss der Feuerwehren Gro\u00dfhansdorf und Schmalenbeck. Karl Bartels \u00fcbernahm als Dirigent den Musikzug.<\/p>\n\n\n\n<p style=\"text-align:left\"><a href=\"http:\/\/feuerwehr-grosshansdorf.de\/wordpress\/wp-content\/uploads\/2019\/05\/umzug1.jpg\" target=\"_blank\" rel=\"noreferrer noopener\"><img loading=\"lazy\" decoding=\"async\" width=\"150\" height=\"185\" class=\"wp-image-997\" style=\"width: 150px;\" src=\"http:\/\/feuerwehr-grosshansdorf.de\/wordpress\/wp-content\/uploads\/2019\/05\/umzug1.jpg\" alt=\"\" align=\"right\" srcset=\"https:\/\/feuerwehr-grosshansdorf.de\/wordpress\/wp-content\/uploads\/2019\/05\/umzug1.jpg 2662w, https:\/\/feuerwehr-grosshansdorf.de\/wordpress\/wp-content\/uploads\/2019\/05\/umzug1-244x300.jpg 244w, https:\/\/feuerwehr-grosshansdorf.de\/wordpress\/wp-content\/uploads\/2019\/05\/umzug1-768x945.jpg 768w, https:\/\/feuerwehr-grosshansdorf.de\/wordpress\/wp-content\/uploads\/2019\/05\/umzug1-832x1024.jpg 832w\" sizes=\"auto, (max-width: 150px) 100vw, 150px\" \/><\/a><strong>1958<\/strong> wurde dann Max Kompert Dirigent. Unter seiner Leitung erfolgte <strong>1964<\/strong> das erste &#8222;Gro\u00dfkonzert&#8220; im Waldreitersaal. <\/p>\n\n\n\n<p><strong>1970<\/strong> folgte die Teilnahme am Deutschen Feuerwehrtag in M\u00fcnster \/ Westfalen mit der Erringung der Silbermedaille, bei den Bundeswertungsspielen f\u00fcr Feuerwehr-Musikz\u00fcge.<\/p>\n\n\n\n<p><strong>1972<\/strong> \u00fcbergab Max Kompert den Taktstock an Kurt G\u00fctzkow. Sein Abschiedskonzert im Waldreitersaal fand unter gro\u00dfer Anteilnahme der Gro\u00dfhansdorfer Bev\u00f6lkerung statt. Max wurde zum Ehrenmusikmeister ernannt.<\/p>\n\n\n\n<p style=\"text-align:left\"><a href=\"http:\/\/feuerwehr-grosshansdorf.de\/wordpress\/wp-content\/uploads\/2019\/05\/Ahrensburg1.jpg\" target=\"_blank\" rel=\"noreferrer noopener\"><img decoding=\"async\" class=\"wp-image-997\" style=\"width: 150px;\" src=\"http:\/\/feuerwehr-grosshansdorf.de\/wordpress\/wp-content\/uploads\/2019\/05\/Ahrensburg1.jpg\" alt=\"\" align=\"right\"><\/a>Der erste Kontakt mit dem Fernsehen erfolgte <strong>1973<\/strong> bei der Teilnahme im Rahmenprogramm der Fernsehsendung \u201eSpiel ohne Grenzen\u201c in Ahrensburg. Dort fand auch der erste Kontakt und \u2013 daraus resultierend \u2013 der Musikaustausch mit dem CSV Coevorden aus Holland statt. <\/p>\n\n\n\n<p>Der H\u00f6hepunkt <strong>1974<\/strong> war die 700- Jahrfeier der Gemeinde Gro\u00dfhansdorf mit einem von der Feuerwehr ausgerichteten 3-t\u00e4gigen Zeltfest.<\/p>\n\n\n\n<p>Die Highlights <strong>1975<\/strong> waren die Teilnahme an der Kieler Woche und der &#8222;Gro\u00dfe Zapfenstreich&#8220; zur Verabschiedung von Landrat Dr. Haarmann, der Musikaustausch mit dem Musikkorp des LMD Kolding \/ D\u00e4nemark und die Einweihung des Jugendmusikzentrums in Schleswig.<\/p>\n\n\n\n<p><strong>1976<\/strong> f\u00fchrte uns eine Einladung des Landes Schleswig-Holstein zur &#8222;Gr\u00fcnen Woche&#8220; nach Berlin mit Direkt\u00fcbertragung durch Radio Luxemburg und Auftritt beim Tanzabend im Schweizer Hof. Unvergessen bleibt den Teilnehmern sicher die Fahrt durch die DDR in einem Bus ohne Toilette (nur 1 Stopp war erlaubt!) und die Unterbringung in der Feuerwache Wedding.<\/p>\n\n\n\n<p style=\"text-align:left\"><a href=\"http:\/\/feuerwehr-grosshansdorf.de\/wordpress\/wp-content\/uploads\/2019\/05\/Studio2.jpg\" target=\"_blank\" rel=\"noreferrer noopener\"><img decoding=\"async\" class=\"wp-image-997\" style=\"width: 150px;\" src=\"http:\/\/feuerwehr-grosshansdorf.de\/wordpress\/wp-content\/uploads\/2019\/05\/studio2.jpg\" alt=\"\" align=\"right\"><\/a><strong>1977<\/strong> vollbrachten  wir dann die erste  Schallplattenaufnahme im Studio Hamburg. Ein Besuch  des Musikkorps in  Holland und die Teilnahme am Ratzeburger Domfest und  am Altstadtfest in  L\u00fcbeck waren weitere H\u00f6hepunkte <\/p>\n\n\n\n<p><strong>1978<\/strong> besuchte das Musikkorps Kolding in D\u00e4nemark und wurde besucht durch das Polizeimusikkorps aus Helsinki.<\/p>\n\n\n\n<div class=\"wp-block-image\"><figure class=\"alignright\"><img loading=\"lazy\" decoding=\"async\" width=\"300\" height=\"196\" src=\"http:\/\/feuerwehr-grosshansdorf.de\/wordpress\/wp-content\/uploads\/2019\/05\/probenraum.jpg\" alt=\"\" class=\"wp-image-36\"\/><\/figure><\/div>\n\n\n\n<p>Ein zweiter Besuch der Polizeimusiker aus Helsinki brachte uns die Stiftung des &#8222;Gro\u00dfhansdorfer Feuerwehrmarsches&#8220; durch den Helsinkier Dirigenten Arthur Fuhrmann. Reisen nach Wildeck-H\u00f6nebach in Hessen und f\u00fcr 10 Tage nach Helsinki auf Einladung des Polizeipr\u00e4sidenten fanden statt und &#8211; als weitere Meilenstein &#8211; der Beginn des Aus- und Umbau des eigenen Probenraumes.<\/p>\n\n\n\n<p>Bei der Betrachtung der Geschichte des Orchesters werden zu jeder Epoche die Dirigenten erw\u00e4hnt, die das Orchester musikalisch pr\u00e4gen und &#8211; vor dem Orchester stehend &#8211; dem Zuschauer ins Auge fallen. Vergessen sollte man aber auch nicht diejenigen, die &#8211; f\u00fcr die Zuschauer hinter den Kulissen &#8211; die F\u00e4den ziehen. So wurde in den 70er Jahren des Orchester ma\u00dfgeblich durch seinen Korpsf\u00fchrer Joachim Techen gepr\u00e4gt, der nicht nur im musikalischen Bereich die Richtung vorgab, sondern auch  junge Musiker an ihren Instrumenten ausbildete. Gleicherma\u00dfen bedeutend war in den 80er Jahren die Epoche des Korpsf\u00fchrers Hans Lewald, der dem Orchester durch seine vielf\u00e4ltigen Verbindungen und seine Kontaktfreudigkeit die Zeit der gro\u00dfen Reisen bescherte.<\/p>\n\n\n\n<p><strong>1980<\/strong> gab es dann nach einem Gro\u00dfkonzert mit dem Musikkorps des Luftmeldedistrikts Kolding \/ D\u00e4nemark die Teilnahme am 24.  Deutschen Feuerwehrtag in Hannover mit dem Bundeswertungsspiel f\u00fcr Feuerwehrmusikz\u00fcge. Hier wurde eine &#8222;Goldene&#8220; mit 291,5 Punkten erreicht. 100 Jahre FF Westerland\/Sylt mit gro\u00dfem Zapfenstreich und anschlie\u00dfendem Tanzabend im Kursaal rundeten das Jahr ab.<\/p>\n\n\n\n<p><strong>1981<\/strong> folgte die zweite Schallplatten-Aufnahme im Tonstudio Hamburg und ein &#8222;Gro\u00dfer Zapfenstreich&#8220; im Kurpark von Bad Iburg.<\/p>\n\n\n\n<p><a href=\"http:\/\/feuerwehr-grosshansdorf.de\/wordpress\/wp-content\/uploads\/2019\/06\/leiter.jpg\" target=\"_blank\" rel=\"noreferrer noopener\"><img decoding=\"async\" class=\"wp-image-997\" style=\"width: 150px;\" src=\"http:\/\/feuerwehr-grosshansdorf.de\/wordpress\/wp-content\/uploads\/2019\/06\/leiter.jpg\" alt=\"\" align=\"right\"><\/a><strong>1982<\/strong> hatten wir zum Gro\u00dfkonzert das Berghornisten-Corps Clausthal-Zellerfeld zu Gast und nahmen Teil am Kreisfeuerwehrtag des Kreises Osnabr\u00fcck-Land in Bad Iburg sowie am dortigen Sch\u00fctzenfest. Auch die 450 Jahre Bergfreiheit der Stadt Clausthal-Zellerfeld und die Schleswig-Holstein-Woche in der Bundeshauptstadt Bonn mit Live-\u00dcbertragung in der &#8222;Aktuellen Schaubude&#8220; wurden von uns begleitet.<\/p>\n\n\n\n<p>Das Jahr <strong>1983<\/strong> bescherte uns 100 Jahre FF Solingen mit einem Tanzabend mit der Teilnahme internationaler Stars. Die Einladung der Stadt Bonn zum Bonner Sommer 83 mit der Mitwirkung am Winzerfest in Bonn-Duisdorf und der Besuch der Trachtenkapelle Weissensee in Gro\u00dfhansdorf sollen nicht ohne Erw\u00e4hnung bleiben.<\/p>\n\n\n\n<p>Das Jahr <strong>1984<\/strong> begann mit dem Gro\u00dfkonzert mit dem Berghornistencorps Clausthal-Zellerfeld. Die Teilnahme am Landesfeuerwehrtag in Marne und die Reise an den Weissensee in K\u00e4rnten rundeten das Jahr ab. Die 80er Jahre waren auch die Jahre der Sch\u00fctzenfeste. So spielten wir z.B. <strong>1985<\/strong> auf den Sch\u00fctzenfesten in Wilstorf, Volksdorf, Hittfeld, Marmstorf, Neugraben und Ahrensburg.<\/p>\n\n\n\n<p>Ein neuer Abschnitt begann f\u00fcr das Orchester mit der Verabschiedung unseres Dirigenten Kurt G\u00fctzkow mit einem gro\u00dfem Zapfenstreich und der Stab\u00fcbergabe an seinen Nachfolger Norbert Rachuth.<\/p>\n\n\n\n<p><strong>1986<\/strong> spielten wir dann beim Festakt des Landesfeuerwehrverbandes auf dem Schleswig-Holstein-Tag in Flensburg und feierten das 90j\u00e4hrigen Bestehens der FF Gro\u00dfhansdorf und 60 Jahre Musikkorps. Es folgte die Teilnahme am Folklorefestival in Kiel: Die Gro\u00dfhansdorfer holten den ersten Platz.<\/p>\n\n\n\n<p><strong>1987<\/strong> war wieder Gro\u00dfkonzert mit der Trachtenkapelle Weissensee.<\/p>\n\n\n\n<p>Ein weiterer Eckpunkt war <strong>1988<\/strong> die Reise zum &#8218;Internationalen Musikwettstreit f\u00fcr Blasmusik&#8216; nach Prag und Br\u00fcnn. An dieser Stelle sei auch einmal ein Big-Band-Einsatz erw\u00e4hnt. Die Band fuhr zum GRUGA-PARK-FESTIVAL in Essen.<\/p>\n\n\n\n<p>Das Gro\u00dfkonzert <strong>1989<\/strong> brachte uns in den Genuss der Stadtkapelle Diedorf aus Bayern und eine weitere Reise an den Weissensee und einen ersten Rang beim Landeswertungsspielen in Rendsburg. Es folgte unser bis heute ausf\u00fchrlichster Fernsehauftritt bei der Sendung &#8222;TALK OP PLATT&#8220; im Waldreitersaal.<\/p>\n\n\n\n<p>weiter <a href=\"https:\/\/feuerwehr-grosshansdorf.de\/wordpress\/orchester-historie-1990-2000\/\">1990-2000<\/a><\/p>\n\n\n\n<p align=\"right\"><a href=\"javascript:self.scrollTo(0,0);\"><img decoding=\"async\" src=\"http:\/\/feuerwehr-grosshansdorf.de\/wordpress\/wp-content\/uploads\/2019\/05\/noben.gif\" alt=\"\" border=\"0\"><\/a><\/p>\n","protected":false},"excerpt":{"rendered":"<p>1926 : Sieben Feuerwehrm\u00e4nner gr\u00fcndeten den Musikzug und August Filter wurde ihr erster Dirigent, der&#8230;<\/p>\n","protected":false},"author":1,"featured_media":0,"parent":28,"menu_order":0,"comment_status":"closed","ping_status":"closed","template":"","meta":{"_mc_calendar":[],"footnotes":""},"class_list":["post-1049","page","type-page","status-publish","hentry"],"_links":{"self":[{"href":"https:\/\/feuerwehr-grosshansdorf.de\/wordpress\/wp-json\/wp\/v2\/pages\/1049","targetHints":{"allow":["GET"]}}],"collection":[{"href":"https:\/\/feuerwehr-grosshansdorf.de\/wordpress\/wp-json\/wp\/v2\/pages"}],"about":[{"href":"https:\/\/feuerwehr-grosshansdorf.de\/wordpress\/wp-json\/wp\/v2\/types\/page"}],"author":[{"embeddable":true,"href":"https:\/\/feuerwehr-grosshansdorf.de\/wordpress\/wp-json\/wp\/v2\/users\/1"}],"replies":[{"embeddable":true,"href":"https:\/\/feuerwehr-grosshansdorf.de\/wordpress\/wp-json\/wp\/v2\/comments?post=1049"}],"version-history":[{"count":5,"href":"https:\/\/feuerwehr-grosshansdorf.de\/wordpress\/wp-json\/wp\/v2\/pages\/1049\/revisions"}],"predecessor-version":[{"id":1096,"href":"https:\/\/feuerwehr-grosshansdorf.de\/wordpress\/wp-json\/wp\/v2\/pages\/1049\/revisions\/1096"}],"up":[{"embeddable":true,"href":"https:\/\/feuerwehr-grosshansdorf.de\/wordpress\/wp-json\/wp\/v2\/pages\/28"}],"wp:attachment":[{"href":"https:\/\/feuerwehr-grosshansdorf.de\/wordpress\/wp-json\/wp\/v2\/media?parent=1049"}],"curies":[{"name":"wp","href":"https:\/\/api.w.org\/{rel}","templated":true}]}}