{"id":1053,"date":"2019-06-03T17:55:35","date_gmt":"2019-06-03T15:55:35","guid":{"rendered":"http:\/\/feuerwehr-grosshansdorf.de\/wordpress\/?page_id=1053"},"modified":"2023-03-08T11:52:04","modified_gmt":"2023-03-08T10:52:04","slug":"orchester-historie-1990-2000","status":"publish","type":"page","link":"https:\/\/feuerwehr-grosshansdorf.de\/wordpress\/orchester-historie-1990-2000\/","title":{"rendered":"Orchester-Historie 1990-2000"},"content":{"rendered":"\n<p><strong>1990<\/strong> erfolgte wieder ein Umbruch, als  Norbert Rachhut den Posten als Dirigent niederlegt. Hermann Hansen \u00fcbernimmt spontan die Leitung des Orchesters unter der Ma\u00dfgabe, dass umgehend ein neuer Dirigent gesucht w\u00fcrde. Es folgte die Fahrt des Musikkorps nach Vorey sur Arzon \/ Frankreich.  Ein  in der Kirche von Vorey abgehaltenes Konzert begeisterte die Einwohner. Mit langanhaltendem Beifall dankten sie den Gro\u00dfhansdorfer Musikern. Die Reise und die Gastfreundschaft der Franzosen war \u00fcberw\u00e4ltigend.<\/p>\n\n\n\n<p>Es folgte die erfolgreiche Teilnahme der Big-Band am 1.Schleswig-Holsteinischen Landeswettbewerb &#8222;Schleswig-Holstein jazzt&#8220;.<\/p>\n\n\n\n<p><strong>1991<\/strong> fuhr das Orchester zum Feuerwehrfest nach Zarrentin und pr\u00e4sentierte beim Sommerzauber in Gro\u00dfhansdorf zum erstenmal seinen zuk\u00fcnftigen Dirigenten Hanns Kochanowski. Am 27.  September folgte dann die offizielle Stab\u00fcbergabe von Hermann Hansen an Hanns Kochanowski, Hermann Hansen wurde als Ehrenmitglied aus dem aktiven Dienst entlassen.<\/p>\n\n\n\n<p>Eine Einladung der FF Tessin zum 70j\u00e4hrigen Jubil\u00e4um folgte das Orchester <strong>1992<\/strong> und spielte zum Fr\u00fchlingskonzert im Waldreitersaal vor ausverkauftem Haus.  Ebenso ausverkauft war das Big-Band Konzert im Waldreitersaal mit dem ersten Trompeter der NDR-Big-Band, Lennart Axelson, als Gast. Zudem gab es ein Herbstkonzert mit dem M\u00e4nnergesangverein &#8222;Hammonia&#8220; im Forum des EvB.<\/p>\n\n\n\n<p><strong>1993<\/strong> f\u00fchrte erneut die Trachtenkapelle Weissensee zum Gro\u00dfkonzert in die Sporthalle des EvB.<\/p>\n\n\n\n<p>H\u00f6hepunkt <strong>1994<\/strong> war der &#8222;Gro\u00dfe Zapfenstreich&#8220; in der Holstenhalle Neum\u00fcnster zur Verabschiedung von Landesbrandmeister Stoltenberg-Frick vor ca. 3500 Feuerwehrleuten.<\/p>\n\n\n\n<p><strong>1995<\/strong> wurde MD Hanns Kochanowski erster Bundeswertungsrichter f\u00fcr Blasmusik im Lande Schleswig-Holstein und wir spielten ein Fr\u00fchjahrskonzert im Forum des EvB und im Travem\u00fcnder Kurzentrum. Es folgt eine weitere Fahrt des Orchesters zum Weissensee, bei der Hermann Hansen den erkrankten Dirigenten vertrat. Mit ihm reisten wir auch zur Pferdeauktion in Verden\/Aller. Das Gro\u00dfkonzert gestalteten Stra\u00dfenmusiker, Big-Band und Orchester gemeinsam in der Sporthalle. Es folgte ein Wunschkonzert des Orchesters im Forum des EvB vor ausverkauftem Haus, mit &#8222;standing ovations&#8220; wurden die Musiker verabschiedet.<\/p>\n\n\n\n<p><strong>1996<\/strong> fand nach beendetem Lehrgang f\u00fcr Dirigenten (durchgef\u00fchrt von MD Hanns Kochanowski) das Abschlu\u00dfdirigieren der Teilnehmer statt, mit dem Orchester der FF Gro\u00dfhansdorf. Auch der stellvertretende Dirigent Torsten Stramm stellte sich dem Lehrgangsausschu\u00df mit Erfolg.<br>\nDie Big-Band nahm ihre erste CD im Studio auf. Das Orchester feierte das 100j\u00e4hrige Jubil\u00e4um der Feuerwehr mit einem Galaabend in der Sporthalle vor \u00fcber 1000 begeisterten Zuschauern. Durch das Programm f\u00fchrte R\u00fcdiger Wolff(NDR).<\/p>\n\n\n\n<p><strong>1997<\/strong> besuchte uns das Stockholmer Orchester &#8222;Tre Kronor&#8220; zu unserem bis heute letzten Gro\u00dfkonzert in der Sporthalle. Der Live-Mittschnitt dieses Konzertes diente als Grundlage f\u00fcr die bisher einzige CD unseres Orchesters.<\/p>\n\n\n\n<p><strong>1998<\/strong> forderte uns das Polizeiorchester Schwerin vor ausverkauftem Forum beim gemeinsamen Konzert H\u00f6chstleistungen ab.<\/p>\n\n\n\n<p><strong>1999<\/strong> luden wir den Musikzug aus Reinfeld zum gemeinsamen Konzert und das Orchester machte seine bisher letzte Auslandsreise. Ziel waren die &#8222;World Police and Fire Games&#8220; in Stockholm.<\/p>\n\n\n\n<p>Das Jahr <strong>2000<\/strong> begann mit einem neuen Musikkontakt. Die Kapelle Osterzell aus Bayern bestritt mit uns das Fr\u00fchjahrskonzert im wiederum ausverkauften Forum. Die Big-Band errang beim Jazzfestival in Pinneberg den ersten Platz.<\/p>\n\n\n\n<p><a href=\"https:\/\/feuerwehr-grosshansdorf.de\/wordpress\/orchester-historie\/orchester-historie-1926-1989\/\">1926-1989<\/a>         <a href=\"https:\/\/feuerwehr-grosshansdorf.de\/wordpress\/orchester-historie-2001-2010\/\">2001-2010<\/a><\/p>\n\n\n\n<p align=\"right\"><a href=\"javascript:self.scrollTo(0,0);\"><img decoding=\"async\" src=\"http:\/\/feuerwehr-grosshansdorf.de\/wordpress\/wp-content\/uploads\/2019\/05\/noben.gif\" alt=\"\" border=\"0\"><\/a><\/p>\n","protected":false},"excerpt":{"rendered":"<p>1990 erfolgte wieder ein Umbruch, als Norbert Rachhut den Posten als Dirigent niederlegt. Hermann Hansen&#8230;<\/p>\n","protected":false},"author":1,"featured_media":0,"parent":0,"menu_order":0,"comment_status":"closed","ping_status":"closed","template":"","meta":{"_mc_calendar":[],"footnotes":""},"class_list":["post-1053","page","type-page","status-publish","hentry"],"_links":{"self":[{"href":"https:\/\/feuerwehr-grosshansdorf.de\/wordpress\/wp-json\/wp\/v2\/pages\/1053","targetHints":{"allow":["GET"]}}],"collection":[{"href":"https:\/\/feuerwehr-grosshansdorf.de\/wordpress\/wp-json\/wp\/v2\/pages"}],"about":[{"href":"https:\/\/feuerwehr-grosshansdorf.de\/wordpress\/wp-json\/wp\/v2\/types\/page"}],"author":[{"embeddable":true,"href":"https:\/\/feuerwehr-grosshansdorf.de\/wordpress\/wp-json\/wp\/v2\/users\/1"}],"replies":[{"embeddable":true,"href":"https:\/\/feuerwehr-grosshansdorf.de\/wordpress\/wp-json\/wp\/v2\/comments?post=1053"}],"version-history":[{"count":6,"href":"https:\/\/feuerwehr-grosshansdorf.de\/wordpress\/wp-json\/wp\/v2\/pages\/1053\/revisions"}],"predecessor-version":[{"id":4274,"href":"https:\/\/feuerwehr-grosshansdorf.de\/wordpress\/wp-json\/wp\/v2\/pages\/1053\/revisions\/4274"}],"wp:attachment":[{"href":"https:\/\/feuerwehr-grosshansdorf.de\/wordpress\/wp-json\/wp\/v2\/media?parent=1053"}],"curies":[{"name":"wp","href":"https:\/\/api.w.org\/{rel}","templated":true}]}}