{"id":217,"date":"2019-05-10T14:17:10","date_gmt":"2019-05-10T12:17:10","guid":{"rendered":"http:\/\/feuerwehr-grosshansdorf.de\/wordpress\/?page_id=217"},"modified":"2019-06-03T17:36:46","modified_gmt":"2019-06-03T15:36:46","slug":"ueber-unsere-musik","status":"publish","type":"page","link":"https:\/\/feuerwehr-grosshansdorf.de\/wordpress\/ueber-unsere-musik\/","title":{"rendered":"\u00dcber unsere Musik"},"content":{"rendered":"\n<figure class=\"wp-block-image\"><img loading=\"lazy\" decoding=\"async\" width=\"1024\" height=\"273\" src=\"http:\/\/feuerwehr-grosshansdorf.de\/wordpress\/wp-content\/uploads\/2019\/05\/orch1-1024x273.jpg\" alt=\"\" class=\"wp-image-481\" srcset=\"https:\/\/feuerwehr-grosshansdorf.de\/wordpress\/wp-content\/uploads\/2019\/05\/orch1-1024x273.jpg 1024w, https:\/\/feuerwehr-grosshansdorf.de\/wordpress\/wp-content\/uploads\/2019\/05\/orch1-300x80.jpg 300w, https:\/\/feuerwehr-grosshansdorf.de\/wordpress\/wp-content\/uploads\/2019\/05\/orch1-768x205.jpg 768w\" sizes=\"auto, (max-width: 1024px) 100vw, 1024px\" \/><\/figure>\n\n\n\n<p> <br>Das Programm erstreckt sich heute vom  klassischen Choral, Marsch und Wiener Walzer bis hin zu Musical-, Rock-, und  Pop-Arrangements zeitgen\u00f6ssischer  Arrangeure.<br>Von Bach, Strau\u00df, Gershwin bis zu Deep Purple, Eric Clapton oder Queen &#8211; das Konzertprogramm des  Orchesters  der Freiwilligen Feuerwehr Gro\u00dfhansdorf bietet Abwechslung  und  Musikvergn\u00fcgen live. Originalkompositionen f\u00fcr Blasmusik vervollst\u00e4ndigen das Repertoire des Orchesters. Auch Filmmusik ist immer wieder ein gern gespieltes Genre.<br>Im Sommer bei den Open-Air-Events (z.B. Matjes-Fest des Lions-Clubs, Sommerzauber der Gemeinde, Tag der offenen T\u00fcr unserer Wehr) spielen wir eher leichtere Unterhaltungsmusik. Auf unseren Konzerten (z.B. Neujahrs-Konzert oder Herbstkonzert) wagen wir uns dann auch schon mal an schwerere St\u00fccke (z.B. Filmmusiken, Musicals, Originalkompositionen) heran. <br>Gerne besucht wird auch unser allj\u00e4hliches Weihnachtskonzert an Heiligabend im Waldreitersaal.<\/p>\n\n\n\n<p>Im Vordergrund steht immer der Spa\u00df an der Musik &#8211; f\u00fcr uns Musiker sowie f\u00fcr das Publikum.<\/p>\n\n\n\n<p>Beispiele unserer Musik anh\u00f6ren und sehen auf <a rel=\"noopener noreferrer\" href=\"https:\/\/www.youtube.com\/user\/wolfk1001\/videos\" target=\"_blanc\">Youtube<\/a><\/p>\n\n\n\n<p>Unsere letzten <a href=\"..\/konzertprogramm\/\">Konzertprogramme<\/a><\/p>\n","protected":false},"excerpt":{"rendered":"<p>Das Programm erstreckt sich heute vom klassischen Choral, Marsch und Wiener Walzer bis hin zu&#8230;<\/p>\n","protected":false},"author":4,"featured_media":0,"parent":0,"menu_order":0,"comment_status":"closed","ping_status":"closed","template":"","meta":{"_mc_calendar":[],"footnotes":""},"class_list":["post-217","page","type-page","status-publish","hentry"],"_links":{"self":[{"href":"https:\/\/feuerwehr-grosshansdorf.de\/wordpress\/wp-json\/wp\/v2\/pages\/217","targetHints":{"allow":["GET"]}}],"collection":[{"href":"https:\/\/feuerwehr-grosshansdorf.de\/wordpress\/wp-json\/wp\/v2\/pages"}],"about":[{"href":"https:\/\/feuerwehr-grosshansdorf.de\/wordpress\/wp-json\/wp\/v2\/types\/page"}],"author":[{"embeddable":true,"href":"https:\/\/feuerwehr-grosshansdorf.de\/wordpress\/wp-json\/wp\/v2\/users\/4"}],"replies":[{"embeddable":true,"href":"https:\/\/feuerwehr-grosshansdorf.de\/wordpress\/wp-json\/wp\/v2\/comments?post=217"}],"version-history":[{"count":8,"href":"https:\/\/feuerwehr-grosshansdorf.de\/wordpress\/wp-json\/wp\/v2\/pages\/217\/revisions"}],"predecessor-version":[{"id":1047,"href":"https:\/\/feuerwehr-grosshansdorf.de\/wordpress\/wp-json\/wp\/v2\/pages\/217\/revisions\/1047"}],"wp:attachment":[{"href":"https:\/\/feuerwehr-grosshansdorf.de\/wordpress\/wp-json\/wp\/v2\/media?parent=217"}],"curies":[{"name":"wp","href":"https:\/\/api.w.org\/{rel}","templated":true}]}}