{"id":231,"date":"2019-05-10T14:22:16","date_gmt":"2019-05-10T12:22:16","guid":{"rendered":"http:\/\/feuerwehr-grosshansdorf.de\/wordpress\/?page_id=231"},"modified":"2026-02-12T15:12:30","modified_gmt":"2026-02-12T14:12:30","slug":"freunde-des-orchesters","status":"publish","type":"page","link":"https:\/\/feuerwehr-grosshansdorf.de\/wordpress\/freunde-des-orchesters\/","title":{"rendered":"Freunde des Orchesters"},"content":{"rendered":"\n<figure class=\"wp-block-image\"><img loading=\"lazy\" decoding=\"async\" width=\"1024\" height=\"272\" src=\"http:\/\/feuerwehr-grosshansdorf.de\/wordpress\/wp-content\/uploads\/2019\/05\/Bauer-Polizeishow-2017-135-1024x272.jpg\" alt=\"\" class=\"wp-image-508\" srcset=\"https:\/\/feuerwehr-grosshansdorf.de\/wordpress\/wp-content\/uploads\/2019\/05\/Bauer-Polizeishow-2017-135-1024x272.jpg 1024w, https:\/\/feuerwehr-grosshansdorf.de\/wordpress\/wp-content\/uploads\/2019\/05\/Bauer-Polizeishow-2017-135-300x80.jpg 300w, https:\/\/feuerwehr-grosshansdorf.de\/wordpress\/wp-content\/uploads\/2019\/05\/Bauer-Polizeishow-2017-135-768x204.jpg 768w\" sizes=\"auto, (max-width: 1024px) 100vw, 1024px\" \/><\/figure>\n\n\n\n<h2 class=\"wp-block-heading\"><strong>Freunde des Orchesters der Freiwilligen Feuerwehr Gro\u00dfhansdorf e.V.<\/strong><\/h2>\n\n\n\n<p>Liebe Freunde der Blasmusik,<br>schon seit fast 100 Jahren erfreut das Orchester die Einwohner von Gro\u00dfhansdorf und weiterer Umgebung mit sch\u00f6ner und unterhaltsamer Blasmusik.<br> In den letzten Jahren hat sich dieser Klangk\u00f6rper zu einem der besten Amateurblasorchester im Norddeutschen Raum mit nationalen und internationalen Kontakten entwickelt und hat sein Publikum mit wunderbaren Konzerten unterhalten.<br> In der heutigen wirtschaftlichen Situation im Lande sitzt bei den potentiellen Veranstaltern das Geld nicht mehr so locker und es wird immer schwieriger, ad\u00e4quate Musikeins\u00e4tze abzuschlie\u00dfen.<br> Geld ist aber existentiell f\u00fcr das Orchester wichtig, um das Leistungsniveau zu halten und zu steigern und immer die besten Dirigenten an sich zu binden. Auch Nachwuchs- und Jugendarbeit sowie Notenbeschaffung sind ein erheblicher Kostenfaktor.<br> Aus diesem Grunde haben sich Freunde und Unterst\u00fctzer des Orchesters zusammengetan und haben den o.a. Verein gegr\u00fcndet mit dem Ziel, dem Orchester die erforderlichen Mittel zu beschaffen und die Existenz zu sichern.<\/p>\n\n\n\n<p><br> <strong>Dieser Verein ist gemeinn\u00fctzig und somit spendenberechtigt.<\/strong><\/p>\n\n\n\n<p><br>Unterst\u00fctzen Sie das Orchester und werden Sie Mitglied des Vereins mit einem Mindestbeitrag im Jahr von \u20ac 30.- oder denken Sie \u00fcber eine Spende auf das u.a. Konto nach. Alle Zuwendungen sind Spenden und somit beim Finanzamt absetzbar.<br><br> <strong>gez. Andreas Bitzer, Vereinsvorsitzender<\/strong><\/p>\n\n\n\n<p><\/p>\n\n\n\n<p><strong>Auszug aus der Satzung:<\/strong><br> \u2026<br> \u00a7 2 Vereinszweck<br> Der Verein will das Orchester der FF Gro\u00dfhansdorf f\u00f6rdern. Der Satzungszweck wird verwirklicht insbesondere durch finanzielle Unterst\u00fctzung des Orchesters f\u00fcr die Durchf\u00fchrung von Konzerten und die Ausbildung junger Nachwuchsmusiker. Der Verein verfolgt ausschlie\u00dflich und unmittelbar5 gemeinn\u00fctzige Zwecke im Sinne des Abschnitts &#8222;Steuerbeg\u00fcnstigte Zwecke&#8220; der Abgabenordnung.<br><br><br> \u00a7 3 Gemeinn\u00fctzigkeit<br>Der Verein ist selbstlos t\u00e4tig; er verfolgt nicht in erster Linie eigenwirtschaftliche Zwecke. Mittel des Vereins d\u00fcrfen nur f\u00fcr die satzungs-gem\u00e4\u00dfen Zwecke verwendet werden. Die Mitglieder erhalten keine Zuwendungen aus Mitteln des Vereins. Es darf keine Person durch Ausgaben, die dem Zweck der K\u00f6rperschaft fremd sind oder durch unverh\u00e4ltnism\u00e4\u00dfig hohe Verg\u00fctungen beg\u00fcnstigt werden.<br> <br><strong>Konto des Vereins bei der Raiffeisenbank S\u00fcdstormarn eG <br> IBAN: DE42 2006 9177 0000 2176 70 &#8211; BIC: GENODEF1GRS (Raiffeisenbank S\u00fcdstormarn M\u00f6lln eG)<\/strong><br><br> Kontakt: Arne M\u00fcller, Haberkamp 7b, 22927 Gro\u00dfhansdorf, Tel.:04102\/694 181 (Mo.-Fr.)<br><\/p>\n\n\n\n<p>Bitte den <strong><a href=\"http:\/\/feuerwehr-grosshansdorf.de\/wordpress\/wp-content\/uploads\/2026\/02\/foerderverein1.pdf\" target=\"_blank\" rel=\"noreferrer noopener\">Aufnahmeantrag<\/a><\/strong> ausdrucken und ausgef\u00fcllt einsenden oder bei einem beliebigen Mitglied der Feuerwehr abgeben.<\/p>\n\n\n\n<p><\/p>\n","protected":false},"excerpt":{"rendered":"<p>Freunde des Orchesters der Freiwilligen Feuerwehr Gro\u00dfhansdorf e.V. Liebe Freunde der Blasmusik,schon seit fast 100&#8230;<\/p>\n","protected":false},"author":4,"featured_media":0,"parent":0,"menu_order":0,"comment_status":"closed","ping_status":"closed","template":"","meta":{"_mc_calendar":[],"footnotes":""},"class_list":["post-231","page","type-page","status-publish","hentry"],"_links":{"self":[{"href":"https:\/\/feuerwehr-grosshansdorf.de\/wordpress\/wp-json\/wp\/v2\/pages\/231","targetHints":{"allow":["GET"]}}],"collection":[{"href":"https:\/\/feuerwehr-grosshansdorf.de\/wordpress\/wp-json\/wp\/v2\/pages"}],"about":[{"href":"https:\/\/feuerwehr-grosshansdorf.de\/wordpress\/wp-json\/wp\/v2\/types\/page"}],"author":[{"embeddable":true,"href":"https:\/\/feuerwehr-grosshansdorf.de\/wordpress\/wp-json\/wp\/v2\/users\/4"}],"replies":[{"embeddable":true,"href":"https:\/\/feuerwehr-grosshansdorf.de\/wordpress\/wp-json\/wp\/v2\/comments?post=231"}],"version-history":[{"count":12,"href":"https:\/\/feuerwehr-grosshansdorf.de\/wordpress\/wp-json\/wp\/v2\/pages\/231\/revisions"}],"predecessor-version":[{"id":6928,"href":"https:\/\/feuerwehr-grosshansdorf.de\/wordpress\/wp-json\/wp\/v2\/pages\/231\/revisions\/6928"}],"wp:attachment":[{"href":"https:\/\/feuerwehr-grosshansdorf.de\/wordpress\/wp-json\/wp\/v2\/media?parent=231"}],"curies":[{"name":"wp","href":"https:\/\/api.w.org\/{rel}","templated":true}]}}