{"id":319,"date":"2019-05-12T10:21:09","date_gmt":"2019-05-12T08:21:09","guid":{"rendered":"http:\/\/feuerwehr-grosshansdorf.de\/wordpress\/?page_id=319"},"modified":"2019-06-09T09:59:38","modified_gmt":"2019-06-09T07:59:38","slug":"hlf","status":"publish","type":"page","link":"https:\/\/feuerwehr-grosshansdorf.de\/wordpress\/hlf\/","title":{"rendered":"HLF 20\/16"},"content":{"rendered":"<style type=\"text\/css\">\n#foogallery-gallery-651 .fg-image { width: 150px; }\n#foogallery-gallery-651 { --fg-gutter: 10px; }<\/style>\n\t\t\t<div class=\"foogallery foogallery-container foogallery-default foogallery-lightbox-foobox fg-center fg-default fg-ready fg-light fg-border-thin fg-shadow-outline fg-loading-default fg-loaded-fade-in fg-caption-hover fg-hover-fade fg-hover-zoom\" id=\"foogallery-gallery-651\" data-foogallery=\"{&quot;item&quot;:{&quot;showCaptionTitle&quot;:true,&quot;showCaptionDescription&quot;:true},&quot;lazy&quot;:true}\" style=\"--fg-title-line-clamp: 0; --fg-description-line-clamp: 0;\" >\n\t<div class=\"fg-item fg-type-image fg-idle\"><figure class=\"fg-item-inner\"><a href=\"https:\/\/feuerwehr-grosshansdorf.de\/wordpress\/wp-content\/uploads\/2019\/05\/HLF.jpg\" data-attachment-id=\"631\" data-type=\"image\" class=\"fg-thumb\"><span class=\"fg-image-wrap\"><img decoding=\"async\" width=\"150\" height=\"150\" class=\"skip-lazy fg-image\" data-src-fg=\"https:\/\/feuerwehr-grosshansdorf.de\/wordpress\/wp-content\/uploads\/cache\/2019\/05\/HLF\/3190131076.jpg\" src=\"data:image\/svg+xml,%3Csvg%20xmlns%3D%22http%3A%2F%2Fwww.w3.org%2F2000%2Fsvg%22%20width%3D%22150%22%20height%3D%22150%22%20viewBox%3D%220%200%20150%20150%22%3E%3C%2Fsvg%3E\" loading=\"eager\"><\/span><span class=\"fg-image-overlay\"><\/span><\/a><\/figure><div class=\"fg-loader\"><\/div><\/div><div class=\"fg-item fg-type-image fg-idle\"><figure class=\"fg-item-inner\"><a href=\"https:\/\/feuerwehr-grosshansdorf.de\/wordpress\/wp-content\/uploads\/2019\/05\/HLF_front.jpg\" data-attachment-id=\"652\" data-type=\"image\" class=\"fg-thumb\"><span class=\"fg-image-wrap\"><img decoding=\"async\" width=\"150\" height=\"150\" class=\"skip-lazy fg-image\" data-src-fg=\"https:\/\/feuerwehr-grosshansdorf.de\/wordpress\/wp-content\/uploads\/cache\/2019\/05\/HLF_front\/3213756752.jpg\" src=\"data:image\/svg+xml,%3Csvg%20xmlns%3D%22http%3A%2F%2Fwww.w3.org%2F2000%2Fsvg%22%20width%3D%22150%22%20height%3D%22150%22%20viewBox%3D%220%200%20150%20150%22%3E%3C%2Fsvg%3E\" loading=\"eager\"><\/span><span class=\"fg-image-overlay\"><\/span><\/a><\/figure><div class=\"fg-loader\"><\/div><\/div><div class=\"fg-item fg-type-image fg-idle\"><figure class=\"fg-item-inner\"><a href=\"https:\/\/feuerwehr-grosshansdorf.de\/wordpress\/wp-content\/uploads\/2019\/05\/HLF_links.jpg\" data-attachment-id=\"654\" data-type=\"image\" class=\"fg-thumb\"><span class=\"fg-image-wrap\"><img decoding=\"async\" width=\"150\" height=\"150\" class=\"skip-lazy fg-image\" data-src-fg=\"https:\/\/feuerwehr-grosshansdorf.de\/wordpress\/wp-content\/uploads\/cache\/2019\/05\/HLF_links\/1642029799.jpg\" src=\"data:image\/svg+xml,%3Csvg%20xmlns%3D%22http%3A%2F%2Fwww.w3.org%2F2000%2Fsvg%22%20width%3D%22150%22%20height%3D%22150%22%20viewBox%3D%220%200%20150%20150%22%3E%3C%2Fsvg%3E\" loading=\"eager\"><\/span><span class=\"fg-image-overlay\"><\/span><\/a><\/figure><div class=\"fg-loader\"><\/div><\/div><div class=\"fg-item fg-type-image fg-idle\"><figure class=\"fg-item-inner\"><a href=\"https:\/\/feuerwehr-grosshansdorf.de\/wordpress\/wp-content\/uploads\/2019\/05\/HLF_rechts.jpg\" data-attachment-id=\"655\" data-type=\"image\" class=\"fg-thumb\"><span class=\"fg-image-wrap\"><img decoding=\"async\" width=\"150\" height=\"150\" class=\"skip-lazy fg-image\" data-src-fg=\"https:\/\/feuerwehr-grosshansdorf.de\/wordpress\/wp-content\/uploads\/cache\/2019\/05\/HLF_rechts\/1270665983.jpg\" src=\"data:image\/svg+xml,%3Csvg%20xmlns%3D%22http%3A%2F%2Fwww.w3.org%2F2000%2Fsvg%22%20width%3D%22150%22%20height%3D%22150%22%20viewBox%3D%220%200%20150%20150%22%3E%3C%2Fsvg%3E\" loading=\"eager\"><\/span><span class=\"fg-image-overlay\"><\/span><\/a><\/figure><div class=\"fg-loader\"><\/div><\/div><div class=\"fg-item fg-type-image fg-idle\"><figure class=\"fg-item-inner\"><a href=\"https:\/\/feuerwehr-grosshansdorf.de\/wordpress\/wp-content\/uploads\/2019\/05\/HLF_heck.jpg\" data-attachment-id=\"653\" data-type=\"image\" class=\"fg-thumb\"><span class=\"fg-image-wrap\"><img decoding=\"async\" width=\"150\" height=\"150\" class=\"skip-lazy fg-image\" data-src-fg=\"https:\/\/feuerwehr-grosshansdorf.de\/wordpress\/wp-content\/uploads\/cache\/2019\/05\/HLF_heck\/2237418631.jpg\" src=\"data:image\/svg+xml,%3Csvg%20xmlns%3D%22http%3A%2F%2Fwww.w3.org%2F2000%2Fsvg%22%20width%3D%22150%22%20height%3D%22150%22%20viewBox%3D%220%200%20150%20150%22%3E%3C%2Fsvg%3E\" loading=\"eager\"><\/span><span class=\"fg-image-overlay\"><\/span><\/a><\/figure><div class=\"fg-loader\"><\/div><\/div><\/div>\n\n\n\n<ul class=\"wp-block-list\"><li><strong>HLF 20\/16<\/strong><\/li><li>Funkrufname: Florian Stormarn 71\/48\/1<\/li><li>Besatzung: 1\/8<\/li><li>Baujahr: 2008<\/li><li>Fahrgestell: Iveco Magirus<\/li><li>Aufbau: Magirus<\/li><li>Motorleistung: 250PS<\/li><li>Ausstattung<ul><li>Hilfeleistungs-L\u00f6schgruppenfahrzeug mit einer Pumpenleistung von 2000l\/min und einem Wassertank von 1600l. Zus\u00e4tzlich verf\u00fcgt das Fahrzeug \u00fcber einen 200l Schaummittel Tank und einer fest verbauten Zumischanlage. Weitere Ausstattungsgegenst\u00e4nde: Seilwinde 5t, Stromerzeuger tragbar 5kVA, 3-teilige Schiebleiter, 4-teilige Steckleiter, hydraulisches Rettungsger\u00e4t, Stabfast-System, Sprungretter, u.v.m. <\/li><\/ul><\/li><li>Beschreibung<ul><li>Das Fahrzeug ist sowohl f\u00fcr die Brandbek\u00e4mpfung als auch f\u00fcr die technische Hilfeleistung umfangreich ausgestattet und ist in der Regel das erst ausr\u00fcckende Gro\u00dffahrzeug..<\/li><\/ul><\/li><\/ul>\n\n\n\n<p><\/p>\n","protected":false},"excerpt":{"rendered":"<p>HLF 20\/16 Funkrufname: Florian Stormarn 71\/48\/1 Besatzung: 1\/8 Baujahr: 2008 Fahrgestell: Iveco Magirus Aufbau: Magirus&#8230;<\/p>\n","protected":false},"author":4,"featured_media":0,"parent":0,"menu_order":0,"comment_status":"closed","ping_status":"closed","template":"","meta":{"_mc_calendar":[],"footnotes":""},"class_list":["post-319","page","type-page","status-publish","hentry"],"_links":{"self":[{"href":"https:\/\/feuerwehr-grosshansdorf.de\/wordpress\/wp-json\/wp\/v2\/pages\/319","targetHints":{"allow":["GET"]}}],"collection":[{"href":"https:\/\/feuerwehr-grosshansdorf.de\/wordpress\/wp-json\/wp\/v2\/pages"}],"about":[{"href":"https:\/\/feuerwehr-grosshansdorf.de\/wordpress\/wp-json\/wp\/v2\/types\/page"}],"author":[{"embeddable":true,"href":"https:\/\/feuerwehr-grosshansdorf.de\/wordpress\/wp-json\/wp\/v2\/users\/4"}],"replies":[{"embeddable":true,"href":"https:\/\/feuerwehr-grosshansdorf.de\/wordpress\/wp-json\/wp\/v2\/comments?post=319"}],"version-history":[{"count":10,"href":"https:\/\/feuerwehr-grosshansdorf.de\/wordpress\/wp-json\/wp\/v2\/pages\/319\/revisions"}],"predecessor-version":[{"id":1066,"href":"https:\/\/feuerwehr-grosshansdorf.de\/wordpress\/wp-json\/wp\/v2\/pages\/319\/revisions\/1066"}],"wp:attachment":[{"href":"https:\/\/feuerwehr-grosshansdorf.de\/wordpress\/wp-json\/wp\/v2\/media?parent=319"}],"curies":[{"name":"wp","href":"https:\/\/api.w.org\/{rel}","templated":true}]}}