{"id":327,"date":"2019-05-12T10:36:59","date_gmt":"2019-05-12T08:36:59","guid":{"rendered":"http:\/\/feuerwehr-grosshansdorf.de\/wordpress\/?page_id=327"},"modified":"2021-04-15T17:06:01","modified_gmt":"2021-04-15T15:06:01","slug":"dienstplan","status":"publish","type":"page","link":"https:\/\/feuerwehr-grosshansdorf.de\/wordpress\/dienstplan\/","title":{"rendered":"Dienstplan"},"content":{"rendered":"\n<p>Jeden 1. und 3. Dienstag im Monat treffen sich die Kameradinnen und Kameraden der Einsatzabteilung  zum \u00dcbungsdienst. Dieser dauert in der Regel ca. 1,5 Stunden und beginnt um 19:30Uhr. Treffpunkt ist das Ger\u00e4tehaus.<\/p>\n\n\n\n<p>Wer Interesse hat bei der Freiwilligen Feuerwehr Gro\u00dfhansdorf mitzumachen kommt bitte zum Beginn der Vorstandssitzung der Einsatzabteilung am jeweiligen \u00dcbungsabend um 19:00 zum Ger\u00e4tehaus. <br>Wir freuen uns auf DICH!<\/p>\n\n\n\n<hr class=\"wp-block-separator\"\/>\n\n\n\n<p>Link zu unserem Dienstplan auf fox112:<\/p>\n\n\n\n<p><strong><a href=\"https:\/\/stormarn.fox112.de\/HomePageDienstplanFF.php?DIENSTPLAN=913884630&amp;HINTERGRUND=FFFFFF\" target=\"_blank\" rel=\"noreferrer noopener\">&lt;&lt;Dienstplan der Einsatzabteilung>><\/a><\/strong><\/p>\n","protected":false},"excerpt":{"rendered":"<p>Jeden 1. und 3. Dienstag im Monat treffen sich die Kameradinnen und Kameraden der Einsatzabteilung&#8230;<\/p>\n","protected":false},"author":4,"featured_media":0,"parent":0,"menu_order":0,"comment_status":"closed","ping_status":"closed","template":"","meta":{"_mc_calendar":[],"footnotes":""},"class_list":["post-327","page","type-page","status-publish","hentry"],"_links":{"self":[{"href":"https:\/\/feuerwehr-grosshansdorf.de\/wordpress\/wp-json\/wp\/v2\/pages\/327","targetHints":{"allow":["GET"]}}],"collection":[{"href":"https:\/\/feuerwehr-grosshansdorf.de\/wordpress\/wp-json\/wp\/v2\/pages"}],"about":[{"href":"https:\/\/feuerwehr-grosshansdorf.de\/wordpress\/wp-json\/wp\/v2\/types\/page"}],"author":[{"embeddable":true,"href":"https:\/\/feuerwehr-grosshansdorf.de\/wordpress\/wp-json\/wp\/v2\/users\/4"}],"replies":[{"embeddable":true,"href":"https:\/\/feuerwehr-grosshansdorf.de\/wordpress\/wp-json\/wp\/v2\/comments?post=327"}],"version-history":[{"count":22,"href":"https:\/\/feuerwehr-grosshansdorf.de\/wordpress\/wp-json\/wp\/v2\/pages\/327\/revisions"}],"predecessor-version":[{"id":2749,"href":"https:\/\/feuerwehr-grosshansdorf.de\/wordpress\/wp-json\/wp\/v2\/pages\/327\/revisions\/2749"}],"wp:attachment":[{"href":"https:\/\/feuerwehr-grosshansdorf.de\/wordpress\/wp-json\/wp\/v2\/media?parent=327"}],"curies":[{"name":"wp","href":"https:\/\/api.w.org\/{rel}","templated":true}]}}