{"id":415,"date":"2019-05-12T20:52:03","date_gmt":"2019-05-12T18:52:03","guid":{"rendered":"http:\/\/feuerwehr-grosshansdorf.de\/wordpress\/?page_id=415"},"modified":"2025-06-22T15:14:13","modified_gmt":"2025-06-22T13:14:13","slug":"jugendausschuss","status":"publish","type":"page","link":"https:\/\/feuerwehr-grosshansdorf.de\/wordpress\/jugendausschuss\/","title":{"rendered":"Jugendausschuss"},"content":{"rendered":"\n<p>Der Jugendausschuss ist der Vorstand der Jugendfeuerwehr, er\nwird einmal im Jahr auf der Jugendversammlung gew\u00e4hlt und besteht aus dem Jugendgruppenleiter,\ndem 1. und 2. Jugendgruppenf\u00fchrer, dem Kassenwart und dem Schriftf\u00fchrer.<\/p>\n\n\n\n<p>Der Jugendgruppenleiter ist der Chef der Jugendfeuerwehr.\nUnterst\u00fctzt wird er bei seinen Aufgaben von seinen beiden Jugendgruppenf\u00fchrern.\nDer Kassenwart f\u00fchrt die Kasse der Jugendlichen und der Schriftf\u00fchrer ist f\u00fcr\nunsere Briefe und schriftlichen Angelegenheiten zust\u00e4ndig.&nbsp;<\/p>\n\n\n\n<p>In den Jugendausschuss kann jeder Jugendliche der Jugendfeuerwehr gew\u00e4hlt werden der mindestens ein Jahr Mitglied der Jugendfeuerwehr ist.&nbsp;<\/p>\n\n\n\n<div class=\"wp-block-media-text is-stacked-on-mobile\"><figure class=\"wp-block-media-text__media\"><img loading=\"lazy\" decoding=\"async\" width=\"742\" height=\"1002\" src=\"https:\/\/feuerwehr-grosshansdorf.de\/wordpress\/wp-content\/uploads\/2025\/06\/WhatsApp-Image-2025-06-22-at-14.23.33.jpeg\" alt=\"\" class=\"wp-image-6088 size-full\" srcset=\"https:\/\/feuerwehr-grosshansdorf.de\/wordpress\/wp-content\/uploads\/2025\/06\/WhatsApp-Image-2025-06-22-at-14.23.33.jpeg 742w, https:\/\/feuerwehr-grosshansdorf.de\/wordpress\/wp-content\/uploads\/2025\/06\/WhatsApp-Image-2025-06-22-at-14.23.33-222x300.jpeg 222w\" sizes=\"auto, (max-width: 742px) 100vw, 742px\" \/><\/figure><div class=\"wp-block-media-text__content\">\n<p><strong>Noah<\/strong><\/p>\n\n\n\n<p>Jugendgruppenleiter<\/p>\n<\/div><\/div>\n\n\n\n<div class=\"wp-block-media-text has-media-on-the-right is-stacked-on-mobile\"><div class=\"wp-block-media-text__content\">\n<p><strong>Bennet<\/strong><\/p>\n\n\n\n<p>1.Jugendgruppenf\u00fchrer<\/p>\n<\/div><figure class=\"wp-block-media-text__media\"><img loading=\"lazy\" decoding=\"async\" width=\"563\" height=\"1024\" src=\"https:\/\/feuerwehr-grosshansdorf.de\/wordpress\/wp-content\/uploads\/2025\/06\/WhatsApp-Image-2025-06-22-at-14.23.32-563x1024.jpeg\" alt=\"\" class=\"wp-image-6089 size-full\" srcset=\"https:\/\/feuerwehr-grosshansdorf.de\/wordpress\/wp-content\/uploads\/2025\/06\/WhatsApp-Image-2025-06-22-at-14.23.32-563x1024.jpeg 563w, https:\/\/feuerwehr-grosshansdorf.de\/wordpress\/wp-content\/uploads\/2025\/06\/WhatsApp-Image-2025-06-22-at-14.23.32-165x300.jpeg 165w, https:\/\/feuerwehr-grosshansdorf.de\/wordpress\/wp-content\/uploads\/2025\/06\/WhatsApp-Image-2025-06-22-at-14.23.32.jpeg 646w\" sizes=\"auto, (max-width: 563px) 100vw, 563px\" \/><\/figure><\/div>\n\n\n\n<div class=\"wp-block-media-text is-stacked-on-mobile\"><figure class=\"wp-block-media-text__media\"><img loading=\"lazy\" decoding=\"async\" width=\"350\" height=\"576\" src=\"https:\/\/feuerwehr-grosshansdorf.de\/wordpress\/wp-content\/uploads\/2025\/06\/WhatsApp-Image-2025-06-22-at-14.22.50.jpeg\" alt=\"\" class=\"wp-image-6091 size-full\" srcset=\"https:\/\/feuerwehr-grosshansdorf.de\/wordpress\/wp-content\/uploads\/2025\/06\/WhatsApp-Image-2025-06-22-at-14.22.50.jpeg 350w, https:\/\/feuerwehr-grosshansdorf.de\/wordpress\/wp-content\/uploads\/2025\/06\/WhatsApp-Image-2025-06-22-at-14.22.50-182x300.jpeg 182w\" sizes=\"auto, (max-width: 350px) 100vw, 350px\" \/><\/figure><div class=\"wp-block-media-text__content\">\n<p><strong>Arvi<\/strong>d<\/p>\n\n\n\n<p>2.Jugendgruppenf\u00fchrer<\/p>\n<\/div><\/div>\n\n\n\n<div class=\"wp-block-media-text has-media-on-the-right is-stacked-on-mobile\"><div class=\"wp-block-media-text__content\">\n<p><strong>Jesse<\/strong><\/p>\n\n\n\n<p>Kassenwart<\/p>\n<\/div><figure class=\"wp-block-media-text__media\"><img loading=\"lazy\" decoding=\"async\" width=\"306\" height=\"696\" src=\"https:\/\/feuerwehr-grosshansdorf.de\/wordpress\/wp-content\/uploads\/2025\/06\/WhatsApp-Image-2025-06-22-at-14.23.32-1.jpeg\" alt=\"\" class=\"wp-image-6092 size-full\" srcset=\"https:\/\/feuerwehr-grosshansdorf.de\/wordpress\/wp-content\/uploads\/2025\/06\/WhatsApp-Image-2025-06-22-at-14.23.32-1.jpeg 306w, https:\/\/feuerwehr-grosshansdorf.de\/wordpress\/wp-content\/uploads\/2025\/06\/WhatsApp-Image-2025-06-22-at-14.23.32-1-132x300.jpeg 132w\" sizes=\"auto, (max-width: 306px) 100vw, 306px\" \/><\/figure><\/div>\n\n\n\n<p><\/p>\n\n\n\n<div class=\"wp-block-media-text is-stacked-on-mobile\"><figure class=\"wp-block-media-text__media\"><img loading=\"lazy\" decoding=\"async\" width=\"404\" height=\"734\" src=\"https:\/\/feuerwehr-grosshansdorf.de\/wordpress\/wp-content\/uploads\/2025\/06\/WhatsApp-Image-2025-06-22-at-14.23.33-1.jpeg\" alt=\"\" class=\"wp-image-6093 size-full\" srcset=\"https:\/\/feuerwehr-grosshansdorf.de\/wordpress\/wp-content\/uploads\/2025\/06\/WhatsApp-Image-2025-06-22-at-14.23.33-1.jpeg 404w, https:\/\/feuerwehr-grosshansdorf.de\/wordpress\/wp-content\/uploads\/2025\/06\/WhatsApp-Image-2025-06-22-at-14.23.33-1-165x300.jpeg 165w\" sizes=\"auto, (max-width: 404px) 100vw, 404px\" \/><\/figure><div class=\"wp-block-media-text__content\">\n<p><strong>Milla<\/strong><\/p>\n\n\n\n<p>Schriftf\u00fchrer<\/p>\n<\/div><\/div>\n","protected":false},"excerpt":{"rendered":"<p>Der Jugendausschuss ist der Vorstand der Jugendfeuerwehr, er wird einmal im Jahr auf der Jugendversammlung&#8230;<\/p>\n","protected":false},"author":4,"featured_media":0,"parent":0,"menu_order":0,"comment_status":"closed","ping_status":"closed","template":"","meta":{"_mc_calendar":[],"footnotes":""},"class_list":["post-415","page","type-page","status-publish","hentry"],"_links":{"self":[{"href":"https:\/\/feuerwehr-grosshansdorf.de\/wordpress\/wp-json\/wp\/v2\/pages\/415","targetHints":{"allow":["GET"]}}],"collection":[{"href":"https:\/\/feuerwehr-grosshansdorf.de\/wordpress\/wp-json\/wp\/v2\/pages"}],"about":[{"href":"https:\/\/feuerwehr-grosshansdorf.de\/wordpress\/wp-json\/wp\/v2\/types\/page"}],"author":[{"embeddable":true,"href":"https:\/\/feuerwehr-grosshansdorf.de\/wordpress\/wp-json\/wp\/v2\/users\/4"}],"replies":[{"embeddable":true,"href":"https:\/\/feuerwehr-grosshansdorf.de\/wordpress\/wp-json\/wp\/v2\/comments?post=415"}],"version-history":[{"count":11,"href":"https:\/\/feuerwehr-grosshansdorf.de\/wordpress\/wp-json\/wp\/v2\/pages\/415\/revisions"}],"predecessor-version":[{"id":6096,"href":"https:\/\/feuerwehr-grosshansdorf.de\/wordpress\/wp-json\/wp\/v2\/pages\/415\/revisions\/6096"}],"wp:attachment":[{"href":"https:\/\/feuerwehr-grosshansdorf.de\/wordpress\/wp-json\/wp\/v2\/media?parent=415"}],"curies":[{"name":"wp","href":"https:\/\/api.w.org\/{rel}","templated":true}]}}