{"id":4399,"date":"2023-03-08T19:25:19","date_gmt":"2023-03-08T18:25:19","guid":{"rendered":"https:\/\/feuerwehr-grosshansdorf.de\/wordpress\/?page_id=4399"},"modified":"2023-03-31T16:44:35","modified_gmt":"2023-03-31T14:44:35","slug":"orchester-historie-2021-2030","status":"publish","type":"page","link":"https:\/\/feuerwehr-grosshansdorf.de\/wordpress\/orchester-historie-2021-2030\/","title":{"rendered":"Orchester-Historie 2021-2030"},"content":{"rendered":"\n<p class=\"has-large-font-size\"><strong>2021<\/strong><\/p>\n\n\n\n<table class=\"has no-background\" style=\"border: 2px solid white;\"> \n\n<tbody><tr><td style=\"border: 2px solid white;\" width=\"400px\"><img decoding=\"async\" src=\"http:\/\/feuerwehr-grosshansdorf.de\/wordpress\/wp-content\/uploads\/2023\/03\/Neujahr2021.jpg\" alt=\"\" style=\"width: 400px;\"><\/td><td style=\"border: 2px solid white;\">So begann das neue Jahr.<br> Musik spielte sich nun \u00fcberwiegend virtuell ab, im Home-Office. Die einzelnen Stimmen wurden nach einem Playback von den Musikern per Video aufgenommen.<br>Die Musik wurde dann zusammengef\u00fcgt, mit Videobildern hinterlegt und auf Youtube ver\u00f6ffentlicht. Wir schafften es sogar \u00fcber Zoom eine Choreografie f\u00fcr &#8222;Stayin Alive&#8220; einzustudieren und zuhause auf Video zu tanzen.<\/td><\/tr>\n<tr><td><img \"=\"\" src=http:\/\/feuerwehr-grosshansdorf.de\/wordpress\/wp-content\/uploads\/2023\/03\/20210725_165749-scaled.jpg\" alt=\"\" style=\"width: 400px;\"><\/td><td style=\"border: 2px solid white;\">Die erste gemeinsame Probe im Waldreitersaal fand dann erst wieder Ende Mai statt.<br>Wir konnten auch schon wieder Open Air im Rosenhof spielen.<\/td><\/tr>\n<tr><td style=\"border: 2px solid white;\"><img decoding=\"async\" src=\"http:\/\/feuerwehr-grosshansdorf.de\/wordpress\/wp-content\/uploads\/2023\/03\/IMG_7688.jpg\" alt=\"\" style=\"width: 400px;\"><\/td><td style=\"border: 2px solid white;\">Im September buchten wir dann ein Probenwochenende in Malente und lie\u00dfen es nach den Proben endlich mal wieder richtig krachen.<\/td><\/tr>\n<tr><td style=\"border: 2px solid white;\"><img decoding=\"async\" src=\"http:\/\/feuerwehr-grosshansdorf.de\/wordpress\/wp-content\/uploads\/2023\/03\/IMGP4256-scaled.jpg\" alt=\"\" style=\"width: 400px;\"><\/td><td style=\"border: 2px solid white;\">&#8222;Wir sind \u00fcber den Berg&#8220; dachten wir und spielten unter diesem Motto ein Herbstkonzert mit Musik \u00fcber Berge.<br>Sommerzauber und Matjesfest waren ausgefallen. Volkstrauertag, Laternenumzug und ein Adventsspiel bei der Freikirchlichen Gemeinde konnten jedoch stattfinden. Danach war dann wieder Schluss, Heiligabend war wortw\u00f6rtlich &#8222;Stille Nacht&#8220;<p><a href=\"https:\/\/feuerwehr-grosshansdorf.de\/offg\/Chroniken\/Chronik2021.mp4\" target=\"_blank\" rel=\"noreferrer noopener\">Hier ist die ausf\u00fchrliche Chronik von 2021 zu sehen<\/a><\/p><\/td><\/tr>\n\n<\/tbody><\/table>\n\n\n\n<p class=\"has-large-font-size\"><strong>2022<\/strong><\/p>\n\n\n\n<table class=\"has no-background\" style=\"border: 2px solid white;\"> \n\n<tbody><tr><td style=\"border: 2px solid white;\" width=\"400px\"><img decoding=\"async\" src=\"http:\/\/feuerwehr-grosshansdorf.de\/wordpress\/wp-content\/uploads\/2023\/03\/signal-2022-05-22-151547_010.jpeg\" alt=\"\" style=\"width: 400px;\"><\/td><td style=\"border: 2px solid white;\">Das neue Jahr begann wieder nicht mit einem Neujahrskonzert, sondern mit einem erneuten Dirigentenwechsel. Maximilian Gillmeister zog sich zur\u00fcck und Alexander Karnstedt \u00fcbernahm. 20 Jahre hatte er sich Zeit gelassen um sich vom Bass in der letzten Reihe nach vorne an das Dirigentenpult vorzuarbeiten. Der erste Auftritt war dann wieder in Travem\u00fcnde.<\/td><\/tr>\n<tr><td><img src=http:\/\/feuerwehr-grosshansdorf.de\/wordpress\/wp-content\/uploads\/2023\/03\/20220625_193851-scaled.jpg\" alt=\"\" style=\"width: 400px;\"><\/td><td style=\"border: 2px solid white;\">Das Matjesfest fand a\u00fbch wieder statt und am selben Tag fuhren wir noch nach Leezen zum dortigen Sommerfest. Auch der Sommerzaube vor dem Rathaus fand wieder statt.<\/td><\/tr>\n<tr><td style=\"border: 2px solid white;\"><img decoding=\"async\" src=\"http:\/\/feuerwehr-grosshansdorf.de\/wordpress\/wp-content\/uploads\/2023\/03\/IMG_8414-scaled.jpg\" alt=\"\" style=\"width: 400px;\"><\/td><td style=\"border: 2px solid white;\">Das Herbstkonzert war der Seefahrt gewidmet. Antje K\u00f6rner brachte dem Publikum Plattdeutsch bei und sogar Daniela sang &#8222;Ergeh\u00f6rt zu mir&#8220; auf Platt.<\/td><\/tr>\n<tr><td style=\"border: 2px solid white;\"><img decoding=\"async\" src=\"http:\/\/feuerwehr-grosshansdorf.de\/wordpress\/wp-content\/uploads\/2023\/03\/signal-2022-09-20-064205_003.jpeg\" alt=\"\" style=\"width: 400px;\"><\/td><td style=\"border: 2px solid white;\">Den Auftakt des Oktoberfestes beim Golfclub Hoisdorf gestalteten wir in engen R\u00e4umlichkeiten. Mehr Platz war dann am Ehrenmal, beim Laternelaufen, bei den diversen Adventskonzerten und dem endlich wieder stattfindenden Weihnachtskonzert an Heiligabend.<\/td><\/tr>\n\n<\/tbody><\/table>\n\n\n\n<p><a href=\"https:\/\/feuerwehr-grosshansdorf.de\/wordpress\/orchester-historie-2011-2020\/\">2011-2020<\/a><\/p>\n\n\n\n<p><\/p>\n\n\n\n<figure class=\"wp-block-image alignright\"><img decoding=\"async\" src=\"http:\/\/feuerwehr-grosshansdorf.de\/wordpress\/wp-content\/uploads\/2019\/05\/noben.gif\" alt=\"\"\/><\/figure>\n\n\n\n<p><\/p>\n","protected":false},"excerpt":{"rendered":"<p>2021 So begann das neue Jahr. Musik spielte sich nun \u00fcberwiegend virtuell ab, im Home-Office&#8230;.<\/p>\n","protected":false},"author":1,"featured_media":0,"parent":0,"menu_order":0,"comment_status":"closed","ping_status":"closed","template":"","meta":{"_mc_calendar":[],"footnotes":""},"class_list":["post-4399","page","type-page","status-publish","hentry"],"_links":{"self":[{"href":"https:\/\/feuerwehr-grosshansdorf.de\/wordpress\/wp-json\/wp\/v2\/pages\/4399","targetHints":{"allow":["GET"]}}],"collection":[{"href":"https:\/\/feuerwehr-grosshansdorf.de\/wordpress\/wp-json\/wp\/v2\/pages"}],"about":[{"href":"https:\/\/feuerwehr-grosshansdorf.de\/wordpress\/wp-json\/wp\/v2\/types\/page"}],"author":[{"embeddable":true,"href":"https:\/\/feuerwehr-grosshansdorf.de\/wordpress\/wp-json\/wp\/v2\/users\/1"}],"replies":[{"embeddable":true,"href":"https:\/\/feuerwehr-grosshansdorf.de\/wordpress\/wp-json\/wp\/v2\/comments?post=4399"}],"version-history":[{"count":13,"href":"https:\/\/feuerwehr-grosshansdorf.de\/wordpress\/wp-json\/wp\/v2\/pages\/4399\/revisions"}],"predecessor-version":[{"id":4641,"href":"https:\/\/feuerwehr-grosshansdorf.de\/wordpress\/wp-json\/wp\/v2\/pages\/4399\/revisions\/4641"}],"wp:attachment":[{"href":"https:\/\/feuerwehr-grosshansdorf.de\/wordpress\/wp-json\/wp\/v2\/media?parent=4399"}],"curies":[{"name":"wp","href":"https:\/\/api.w.org\/{rel}","templated":true}]}}