{"id":466,"date":"2019-05-13T20:47:18","date_gmt":"2019-05-13T18:47:18","guid":{"rendered":"http:\/\/feuerwehr-grosshansdorf.de\/wordpress\/?page_id=466"},"modified":"2021-05-19T12:45:51","modified_gmt":"2021-05-19T10:45:51","slug":"jugendfeuerwehr","status":"publish","type":"page","link":"https:\/\/feuerwehr-grosshansdorf.de\/wordpress\/jugendfeuerwehr\/","title":{"rendered":"Jugendfeuerwehr"},"content":{"rendered":"\n<p>Wir sind die Jugendfeuerwehr&#8230;<\/p>\n\n\n\n<figure class=\"wp-block-image\"><img loading=\"lazy\" decoding=\"async\" width=\"1024\" height=\"544\" src=\"http:\/\/feuerwehr-grosshansdorf.de\/wordpress\/wp-content\/uploads\/2019\/06\/JF-Gruppenbild-1-1024x544.jpg\" alt=\"\" class=\"wp-image-1087\" srcset=\"https:\/\/feuerwehr-grosshansdorf.de\/wordpress\/wp-content\/uploads\/2019\/06\/JF-Gruppenbild-1-1024x544.jpg 1024w, https:\/\/feuerwehr-grosshansdorf.de\/wordpress\/wp-content\/uploads\/2019\/06\/JF-Gruppenbild-1-300x160.jpg 300w, https:\/\/feuerwehr-grosshansdorf.de\/wordpress\/wp-content\/uploads\/2019\/06\/JF-Gruppenbild-1-768x408.jpg 768w\" sizes=\"auto, (max-width: 1024px) 100vw, 1024px\" \/><\/figure>\n\n\n\n<p>Gegr\u00fcndet wurde unsere Jugendfeuerwehr am 29.08.2004.\nSeither k\u00f6nnen wir auf eine erfolgreiche Geschichte voller Spa\u00df und Abenteuer\nzur\u00fcckblicken.<\/p>\n\n\n\n<p>Viele unserer ehemaligen Mitglieder sind auch heute noch in der Feuerwehr aktiv. Sei es als Mitglied der Einsatzabteilung oder auch weiterhin in der Jugendfeuerwehr als Ausbilder und Betreuer.&nbsp;<\/p>\n\n\n\n<p>Ein gro\u00dfes Highlight f\u00fcr unsere Jugendlichen ist unser Berufsfeuerwehr- Tag (BF- Tag), dies ist ein 24 Stunden Dienst an welchem wir f\u00fcr einen Tag in unser Feuerwehrger\u00e4tehaus einziehen und dort gemeinsam kochen und viele verschiedene Eins\u00e4tze bearbeiten. Weitere Highlights sind die Teilnahme an den Spielen ohne Grenzen beim Kreiszeltlager der Jugendfeuerwehren und unsere traditionelle Abschlussfahrt ins Landesjugendfeuerwehr Zentrum nach Rendsburg.\u00a0<\/p>\n\n\n\n<p>Nat\u00fcrlich steht f\u00fcr uns auch noch der Laternelauf, der\nBesuch des Verein&nbsp;PRYVIT \u2013 Hilfe f\u00fcr Tschernobyl-Kinder e.V.&nbsp;, der\nTag der offenen T\u00fcr und der Sommerzauber der Gemeinde fest in unserem\nKalender.&nbsp;<\/p>\n\n\n\n<p>Wie ihr seht ist immer etwas zutun bei uns und der Spa\u00df\nkommt dabei nie zu kurz!<\/p>\n","protected":false},"excerpt":{"rendered":"<p>Wir sind die Jugendfeuerwehr&#8230; Gegr\u00fcndet wurde unsere Jugendfeuerwehr am 29.08.2004. Seither k\u00f6nnen wir auf eine&#8230;<\/p>\n","protected":false},"author":4,"featured_media":0,"parent":0,"menu_order":0,"comment_status":"closed","ping_status":"closed","template":"","meta":{"_mc_calendar":[],"footnotes":""},"class_list":["post-466","page","type-page","status-publish","hentry"],"_links":{"self":[{"href":"https:\/\/feuerwehr-grosshansdorf.de\/wordpress\/wp-json\/wp\/v2\/pages\/466","targetHints":{"allow":["GET"]}}],"collection":[{"href":"https:\/\/feuerwehr-grosshansdorf.de\/wordpress\/wp-json\/wp\/v2\/pages"}],"about":[{"href":"https:\/\/feuerwehr-grosshansdorf.de\/wordpress\/wp-json\/wp\/v2\/types\/page"}],"author":[{"embeddable":true,"href":"https:\/\/feuerwehr-grosshansdorf.de\/wordpress\/wp-json\/wp\/v2\/users\/4"}],"replies":[{"embeddable":true,"href":"https:\/\/feuerwehr-grosshansdorf.de\/wordpress\/wp-json\/wp\/v2\/comments?post=466"}],"version-history":[{"count":4,"href":"https:\/\/feuerwehr-grosshansdorf.de\/wordpress\/wp-json\/wp\/v2\/pages\/466\/revisions"}],"predecessor-version":[{"id":2784,"href":"https:\/\/feuerwehr-grosshansdorf.de\/wordpress\/wp-json\/wp\/v2\/pages\/466\/revisions\/2784"}],"wp:attachment":[{"href":"https:\/\/feuerwehr-grosshansdorf.de\/wordpress\/wp-json\/wp\/v2\/media?parent=466"}],"curies":[{"name":"wp","href":"https:\/\/api.w.org\/{rel}","templated":true}]}}