{"id":5639,"date":"2024-09-10T20:58:15","date_gmt":"2024-09-10T18:58:15","guid":{"rendered":"https:\/\/feuerwehr-grosshansdorf.de\/wordpress\/?page_id=5639"},"modified":"2024-11-13T17:41:29","modified_gmt":"2024-11-13T16:41:29","slug":"hlf2","status":"publish","type":"page","link":"https:\/\/feuerwehr-grosshansdorf.de\/wordpress\/hlf2\/","title":{"rendered":"HLF2"},"content":{"rendered":"Die Galerie wurde nicht gefunden!\n\n\n<ul class=\"wp-block-list\">\n<li><strong>HLF2<\/strong><\/li>\n\n\n\n<li>Funkrufname: Florian Stormarn 71\/48\/2<\/li>\n\n\n\n<li>Besatzung: 1\/8<\/li>\n\n\n\n<li>Baujahr: 2024<\/li>\n\n\n\n<li>Fahrgestell: Iveco Magirus<\/li>\n\n\n\n<li>Aufbau: Magirus<\/li>\n\n\n\n<li>Motorleistung: 250PS<\/li>\n\n\n\n<li>Ausstattung\n<ul class=\"wp-block-list\">\n<li>Hilfeleistungs-L\u00f6schgruppenfahrzeug mit einer Pumpenleistung von 2000l\/min und einem Wassertank von 3000l. Zus\u00e4tzlich verf\u00fcgt das Fahrzeug \u00fcber einen 120l Schaummittel Tank und einer fest verbauten Zumischanlage. Weitere Ausstattungsgegenst\u00e4nde: Seilwinde 5t, Stromerzeuger tragbar 5kVA, 3-teilige Schiebleiter, 4-teilige Steckleiter, hydraulisches Rettungsger\u00e4t, Stabfast-System, Sprungretter, u.v.m.<\/li>\n<\/ul>\n<\/li>\n\n\n\n<li>Beschreibung\n<ul class=\"wp-block-list\">\n<li>Das Fahrzeug ist sowohl f\u00fcr die Brandbek\u00e4mpfung als auch f\u00fcr die technische Hilfeleistung umfangreich ausgestattet und ist in der Regel das erst ausr\u00fcckende Gro\u00dffahrzeug..<\/li>\n<\/ul>\n<\/li>\n<\/ul>\n\n\n\n<p><\/p>\n","protected":false},"excerpt":{"rendered":"","protected":false},"author":4,"featured_media":0,"parent":0,"menu_order":0,"comment_status":"closed","ping_status":"closed","template":"","meta":{"_mc_calendar":[],"footnotes":""},"class_list":["post-5639","page","type-page","status-publish","hentry"],"_links":{"self":[{"href":"https:\/\/feuerwehr-grosshansdorf.de\/wordpress\/wp-json\/wp\/v2\/pages\/5639","targetHints":{"allow":["GET"]}}],"collection":[{"href":"https:\/\/feuerwehr-grosshansdorf.de\/wordpress\/wp-json\/wp\/v2\/pages"}],"about":[{"href":"https:\/\/feuerwehr-grosshansdorf.de\/wordpress\/wp-json\/wp\/v2\/types\/page"}],"author":[{"embeddable":true,"href":"https:\/\/feuerwehr-grosshansdorf.de\/wordpress\/wp-json\/wp\/v2\/users\/4"}],"replies":[{"embeddable":true,"href":"https:\/\/feuerwehr-grosshansdorf.de\/wordpress\/wp-json\/wp\/v2\/comments?post=5639"}],"version-history":[{"count":2,"href":"https:\/\/feuerwehr-grosshansdorf.de\/wordpress\/wp-json\/wp\/v2\/pages\/5639\/revisions"}],"predecessor-version":[{"id":5771,"href":"https:\/\/feuerwehr-grosshansdorf.de\/wordpress\/wp-json\/wp\/v2\/pages\/5639\/revisions\/5771"}],"wp:attachment":[{"href":"https:\/\/feuerwehr-grosshansdorf.de\/wordpress\/wp-json\/wp\/v2\/media?parent=5639"}],"curies":[{"name":"wp","href":"https:\/\/api.w.org\/{rel}","templated":true}]}}