{"id":617,"date":"2019-05-19T09:08:28","date_gmt":"2019-05-19T07:08:28","guid":{"rendered":"http:\/\/feuerwehr-grosshansdorf.de\/wordpress\/?page_id=617"},"modified":"2019-08-25T11:38:05","modified_gmt":"2019-08-25T09:38:05","slug":"elw-1","status":"publish","type":"page","link":"https:\/\/feuerwehr-grosshansdorf.de\/wordpress\/elw-1\/","title":{"rendered":"ELW 1"},"content":{"rendered":"<style type=\"text\/css\">\n#foogallery-gallery-647 .fg-image { width: 150px; }\n#foogallery-gallery-647 { --fg-gutter: 10px; }<\/style>\n\t\t\t<div class=\"foogallery foogallery-container foogallery-default foogallery-lightbox-foobox fg-center fg-default fg-ready fg-light fg-border-thin fg-shadow-outline fg-loading-default fg-loaded-fade-in fg-caption-hover fg-hover-fade fg-hover-zoom\" id=\"foogallery-gallery-647\" data-foogallery=\"{&quot;item&quot;:{&quot;showCaptionTitle&quot;:true,&quot;showCaptionDescription&quot;:true},&quot;lazy&quot;:true}\" style=\"--fg-title-line-clamp: 0; --fg-description-line-clamp: 0;\" >\n\t<div class=\"fg-item fg-type-image fg-idle\"><figure class=\"fg-item-inner\"><a href=\"https:\/\/feuerwehr-grosshansdorf.de\/wordpress\/wp-content\/uploads\/2019\/05\/ELW.jpg\" data-attachment-id=\"627\" data-type=\"image\" class=\"fg-thumb\"><span class=\"fg-image-wrap\"><img decoding=\"async\" width=\"150\" height=\"150\" class=\"skip-lazy fg-image\" data-src-fg=\"https:\/\/feuerwehr-grosshansdorf.de\/wordpress\/wp-content\/uploads\/cache\/2019\/05\/ELW\/834722783.jpg\" src=\"data:image\/svg+xml,%3Csvg%20xmlns%3D%22http%3A%2F%2Fwww.w3.org%2F2000%2Fsvg%22%20width%3D%22150%22%20height%3D%22150%22%20viewBox%3D%220%200%20150%20150%22%3E%3C%2Fsvg%3E\" loading=\"eager\"><\/span><span class=\"fg-image-overlay\"><\/span><\/a><\/figure><div class=\"fg-loader\"><\/div><\/div><div class=\"fg-item fg-type-image fg-idle\"><figure class=\"fg-item-inner\"><a href=\"https:\/\/feuerwehr-grosshansdorf.de\/wordpress\/wp-content\/uploads\/2019\/05\/ELW_front.jpg\" data-attachment-id=\"641\" data-type=\"image\" class=\"fg-thumb\"><span class=\"fg-image-wrap\"><img decoding=\"async\" width=\"150\" height=\"150\" class=\"skip-lazy fg-image\" data-src-fg=\"https:\/\/feuerwehr-grosshansdorf.de\/wordpress\/wp-content\/uploads\/cache\/2019\/05\/ELW_front\/1616189425.jpg\" src=\"data:image\/svg+xml,%3Csvg%20xmlns%3D%22http%3A%2F%2Fwww.w3.org%2F2000%2Fsvg%22%20width%3D%22150%22%20height%3D%22150%22%20viewBox%3D%220%200%20150%20150%22%3E%3C%2Fsvg%3E\" loading=\"eager\"><\/span><span class=\"fg-image-overlay\"><\/span><\/a><\/figure><div class=\"fg-loader\"><\/div><\/div><div class=\"fg-item fg-type-image fg-idle\"><figure class=\"fg-item-inner\"><a href=\"https:\/\/feuerwehr-grosshansdorf.de\/wordpress\/wp-content\/uploads\/2019\/05\/ELW_rechts.jpg\" data-attachment-id=\"644\" data-type=\"image\" class=\"fg-thumb\"><span class=\"fg-image-wrap\"><img decoding=\"async\" width=\"150\" height=\"150\" class=\"skip-lazy fg-image\" data-src-fg=\"https:\/\/feuerwehr-grosshansdorf.de\/wordpress\/wp-content\/uploads\/cache\/2019\/05\/ELW_rechts\/3658122708.jpg\" src=\"data:image\/svg+xml,%3Csvg%20xmlns%3D%22http%3A%2F%2Fwww.w3.org%2F2000%2Fsvg%22%20width%3D%22150%22%20height%3D%22150%22%20viewBox%3D%220%200%20150%20150%22%3E%3C%2Fsvg%3E\" loading=\"eager\"><\/span><span class=\"fg-image-overlay\"><\/span><\/a><\/figure><div class=\"fg-loader\"><\/div><\/div><div class=\"fg-item fg-type-image fg-idle\"><figure class=\"fg-item-inner\"><a href=\"https:\/\/feuerwehr-grosshansdorf.de\/wordpress\/wp-content\/uploads\/2019\/05\/ELW_links.jpg\" data-attachment-id=\"643\" data-type=\"image\" class=\"fg-thumb\"><span class=\"fg-image-wrap\"><img decoding=\"async\" width=\"150\" height=\"150\" class=\"skip-lazy fg-image\" data-src-fg=\"https:\/\/feuerwehr-grosshansdorf.de\/wordpress\/wp-content\/uploads\/cache\/2019\/05\/ELW_links\/2781165976.jpg\" src=\"data:image\/svg+xml,%3Csvg%20xmlns%3D%22http%3A%2F%2Fwww.w3.org%2F2000%2Fsvg%22%20width%3D%22150%22%20height%3D%22150%22%20viewBox%3D%220%200%20150%20150%22%3E%3C%2Fsvg%3E\" loading=\"eager\"><\/span><span class=\"fg-image-overlay\"><\/span><\/a><\/figure><div class=\"fg-loader\"><\/div><\/div><div class=\"fg-item fg-type-image fg-idle\"><figure class=\"fg-item-inner\"><a href=\"https:\/\/feuerwehr-grosshansdorf.de\/wordpress\/wp-content\/uploads\/2019\/05\/ELW_heck.jpg\" data-attachment-id=\"642\" data-type=\"image\" class=\"fg-thumb\"><span class=\"fg-image-wrap\"><img decoding=\"async\" width=\"150\" height=\"150\" class=\"skip-lazy fg-image\" data-src-fg=\"https:\/\/feuerwehr-grosshansdorf.de\/wordpress\/wp-content\/uploads\/cache\/2019\/05\/ELW_heck\/3009806241.jpg\" src=\"data:image\/svg+xml,%3Csvg%20xmlns%3D%22http%3A%2F%2Fwww.w3.org%2F2000%2Fsvg%22%20width%3D%22150%22%20height%3D%22150%22%20viewBox%3D%220%200%20150%20150%22%3E%3C%2Fsvg%3E\" loading=\"eager\"><\/span><span class=\"fg-image-overlay\"><\/span><\/a><\/figure><div class=\"fg-loader\"><\/div><\/div><\/div>\n\n\n\n<ul class=\"wp-block-list\"><li><strong>ELW 1<\/strong><\/li><li>Funkrufname: Florian Stormarn 71\/11\/1<\/li><li>Baujahr: 2005<\/li><li>Motorleistung: 160PS<\/li><li>Ausstattung<ul><li>Digitalfunk 3 x MRT, 4 x HRT, 2 x PC Arbeitsplatz, Drucker\/Fax, Telefon, Material zur Einsatzstellen Absicherung, Objektpl\u00e4ne.<\/li><\/ul><\/li><li>Beschreibung<ul><li>Das Fahrzeug dient dem Einsatzleiter als F\u00fchrungsfahrzeug. Bei gr\u00f6\u00dferen Einsatzstellen k\u00f6nnen die PC-Arbeitspl\u00e4tze f\u00fcr die Einsatzleitung besetzt werden. In der Regel r\u00fcckt der ELW 1 als erstes Fahrzeug aus.<\/li><\/ul><\/li><\/ul>\n\n\n\n<p><\/p>\n","protected":false},"excerpt":{"rendered":"<p>ELW 1 Funkrufname: Florian Stormarn 71\/11\/1 Baujahr: 2005 Motorleistung: 160PS Ausstattung Digitalfunk 3 x MRT,&#8230;<\/p>\n","protected":false},"author":3,"featured_media":644,"parent":0,"menu_order":0,"comment_status":"closed","ping_status":"closed","template":"","meta":{"_mc_calendar":[],"footnotes":""},"class_list":["post-617","page","type-page","status-publish","has-post-thumbnail","hentry"],"_links":{"self":[{"href":"https:\/\/feuerwehr-grosshansdorf.de\/wordpress\/wp-json\/wp\/v2\/pages\/617","targetHints":{"allow":["GET"]}}],"collection":[{"href":"https:\/\/feuerwehr-grosshansdorf.de\/wordpress\/wp-json\/wp\/v2\/pages"}],"about":[{"href":"https:\/\/feuerwehr-grosshansdorf.de\/wordpress\/wp-json\/wp\/v2\/types\/page"}],"author":[{"embeddable":true,"href":"https:\/\/feuerwehr-grosshansdorf.de\/wordpress\/wp-json\/wp\/v2\/users\/3"}],"replies":[{"embeddable":true,"href":"https:\/\/feuerwehr-grosshansdorf.de\/wordpress\/wp-json\/wp\/v2\/comments?post=617"}],"version-history":[{"count":7,"href":"https:\/\/feuerwehr-grosshansdorf.de\/wordpress\/wp-json\/wp\/v2\/pages\/617\/revisions"}],"predecessor-version":[{"id":1396,"href":"https:\/\/feuerwehr-grosshansdorf.de\/wordpress\/wp-json\/wp\/v2\/pages\/617\/revisions\/1396"}],"wp:featuredmedia":[{"embeddable":true,"href":"https:\/\/feuerwehr-grosshansdorf.de\/wordpress\/wp-json\/wp\/v2\/media\/644"}],"wp:attachment":[{"href":"https:\/\/feuerwehr-grosshansdorf.de\/wordpress\/wp-json\/wp\/v2\/media?parent=617"}],"curies":[{"name":"wp","href":"https:\/\/api.w.org\/{rel}","templated":true}]}}